{"id":7,"date":"2021-09-12T12:17:04","date_gmt":"2021-09-12T15:17:04","guid":{"rendered":"http:\/\/legalfox.com.br\/?page_id=7"},"modified":"2021-10-22T11:25:01","modified_gmt":"2021-10-22T14:25:01","slug":"home","status":"publish","type":"page","link":"https:\/\/www.legalfox.com.br\/","title":{"rendered":"Home"},"content":{"rendered":"","protected":false},"excerpt":{"rendered":"","protected":false},"author":1,"featured_media":0,"parent":0,"menu_order":0,"comment_status":"closed","ping_status":"closed","template":"","meta":{"_links_to":"","_links_to_target":""},"yoast_head":"<!-- This site is optimized with the Yoast SEO plugin v17.1 - https:\/\/yoast.com\/wordpress\/plugins\/seo\/ -->\r\n<meta name=\"description\" content=\"Otimizando o judici\u00e1rio atrav\u00e9s da tecnologia e do conhecimento jur\u00eddico\" \/>\r\n<meta name=\"robots\" content=\"index, follow, max-snippet:-1, max-image-preview:large, max-video-preview:-1\" \/>\r\n<link rel=\"canonical\" href=\"https:\/\/www.legalfox.com.br\/\" \/>\r\n<meta property=\"og:locale\" content=\"pt_BR\" \/>\r\n<meta property=\"og:type\" content=\"article\" \/>\r\n<meta property=\"og:title\" content=\"Legal Fox - Solu\u00e7\u00f5es para o ecossistema jur\u00eddico\" \/>\r\n<meta property=\"og:description\" content=\"Otimizando o judici\u00e1rio atrav\u00e9s da tecnologia e do conhecimento jur\u00eddico\" \/>\r\n<meta property=\"og:url\" content=\"https:\/\/www.legalfox.com.br\/\" \/>\r\n<meta property=\"og:site_name\" content=\"Legal Fox\" \/>\r\n<meta property=\"article:modified_time\" content=\"2021-10-22T14:25:01+00:00\" \/>\r\n<meta name=\"twitter:card\" content=\"summary_large_image\" \/>\r\n<script type=\"application\/ld+json\" class=\"yoast-schema-graph\">{\"@context\":\"https:\/\/schema.org\",\"@graph\":[{\"@type\":\"WebSite\",\"@id\":\"https:\/\/www.legalfox.com.br\/#website\",\"url\":\"https:\/\/www.legalfox.com.br\/\",\"name\":\"Legal Fox\",\"description\":\"\",\"potentialAction\":[{\"@type\":\"SearchAction\",\"target\":{\"@type\":\"EntryPoint\",\"urlTemplate\":\"https:\/\/www.legalfox.com.br\/?s={search_term_string}\"},\"query-input\":\"required name=search_term_string\"}],\"inLanguage\":\"pt-BR\"},{\"@type\":\"WebPage\",\"@id\":\"https:\/\/www.legalfox.com.br\/#webpage\",\"url\":\"https:\/\/www.legalfox.com.br\/\",\"name\":\"Legal Fox - Solu\\u00e7\\u00f5es para o ecossistema jur\\u00eddico\",\"isPartOf\":{\"@id\":\"https:\/\/www.legalfox.com.br\/#website\"},\"datePublished\":\"2021-09-12T15:17:04+00:00\",\"dateModified\":\"2021-10-22T14:25:01+00:00\",\"description\":\"Otimizando o judici\\u00e1rio atrav\\u00e9s da tecnologia e do conhecimento jur\\u00eddico\",\"breadcrumb\":{\"@id\":\"https:\/\/www.legalfox.com.br\/#breadcrumb\"},\"inLanguage\":\"pt-BR\",\"potentialAction\":[{\"@type\":\"ReadAction\",\"target\":[\"https:\/\/www.legalfox.com.br\/\"]}]},{\"@type\":\"BreadcrumbList\",\"@id\":\"https:\/\/www.legalfox.com.br\/#breadcrumb\",\"itemListElement\":[{\"@type\":\"ListItem\",\"position\":1,\"name\":\"Home\"}]}]}<\/script>\r\n<!-- \/ Yoast SEO plugin. -->","yoast_head_json":{"description":"Otimizando o judici\u00e1rio atrav\u00e9s da tecnologia e do conhecimento jur\u00eddico","robots":{"index":"index","follow":"follow","max-snippet":"max-snippet:-1","max-image-preview":"max-image-preview:large","max-video-preview":"max-video-preview:-1"},"canonical":"https:\/\/www.legalfox.com.br\/","og_locale":"pt_BR","og_type":"article","og_title":"Legal Fox - Solu\u00e7\u00f5es para o ecossistema jur\u00eddico","og_description":"Otimizando o judici\u00e1rio atrav\u00e9s da tecnologia e do conhecimento jur\u00eddico","og_url":"https:\/\/www.legalfox.com.br\/","og_site_name":"Legal Fox","article_modified_time":"2021-10-22T14:25:01+00:00","twitter_card":"summary_large_image","schema":{"@context":"https:\/\/schema.org","@graph":[{"@type":"WebSite","@id":"https:\/\/www.legalfox.com.br\/#website","url":"https:\/\/www.legalfox.com.br\/","name":"Legal Fox","description":"","potentialAction":[{"@type":"SearchAction","target":{"@type":"EntryPoint","urlTemplate":"https:\/\/www.legalfox.com.br\/?s={search_term_string}"},"query-input":"required name=search_term_string"}],"inLanguage":"pt-BR"},{"@type":"WebPage","@id":"https:\/\/www.legalfox.com.br\/#webpage","url":"https:\/\/www.legalfox.com.br\/","name":"Legal Fox - Solu\u00e7\u00f5es para o ecossistema jur\u00eddico","isPartOf":{"@id":"https:\/\/www.legalfox.com.br\/#website"},"datePublished":"2021-09-12T15:17:04+00:00","dateModified":"2021-10-22T14:25:01+00:00","description":"Otimizando o judici\u00e1rio atrav\u00e9s da tecnologia e do conhecimento jur\u00eddico","breadcrumb":{"@id":"https:\/\/www.legalfox.com.br\/#breadcrumb"},"inLanguage":"pt-BR","potentialAction":[{"@type":"ReadAction","target":["https:\/\/www.legalfox.com.br\/"]}]},{"@type":"BreadcrumbList","@id":"https:\/\/www.legalfox.com.br\/#breadcrumb","itemListElement":[{"@type":"ListItem","position":1,"name":"Home"}]}]}},"_links":{"self":[{"href":"https:\/\/www.legalfox.com.br\/index.php?rest_route=\/wp\/v2\/pages\/7"}],"collection":[{"href":"https:\/\/www.legalfox.com.br\/index.php?rest_route=\/wp\/v2\/pages"}],"about":[{"href":"https:\/\/www.legalfox.com.br\/index.php?rest_route=\/wp\/v2\/types\/page"}],"author":[{"embeddable":true,"href":"https:\/\/www.legalfox.com.br\/index.php?rest_route=\/wp\/v2\/users\/1"}],"replies":[{"embeddable":true,"href":"https:\/\/www.legalfox.com.br\/index.php?rest_route=%2Fwp%2Fv2%2Fcomments&post=7"}],"version-history":[{"count":11,"href":"https:\/\/www.legalfox.com.br\/index.php?rest_route=\/wp\/v2\/pages\/7\/revisions"}],"predecessor-version":[{"id":169,"href":"https:\/\/www.legalfox.com.br\/index.php?rest_route=\/wp\/v2\/pages\/7\/revisions\/169"}],"wp:attachment":[{"href":"https:\/\/www.legalfox.com.br\/index.php?rest_route=%2Fwp%2Fv2%2Fmedia&parent=7"}],"curies":[{"name":"wp","href":"https:\/\/api.w.org\/{rel}","templated":true}]}}